{"id":3453,"date":"2026-04-15T15:54:50","date_gmt":"2026-04-15T13:54:50","guid":{"rendered":"https:\/\/rollierpaysage.ch\/espace-plantons\/?post_type=product&#038;p=3453"},"modified":"2026-04-15T15:55:01","modified_gmt":"2026-04-15T13:55:01","slug":"celeri-rave-psr","status":"publish","type":"product","link":"https:\/\/rollierpaysage.ch\/espace-plantons\/produit\/celeri-rave-psr\/","title":{"rendered":"C\u00e9leri rave PSR"},"content":{"rendered":"","protected":false},"excerpt":{"rendered":"<p>Ancienne vari\u00e9t\u00e9 au go\u00fbt prononc\u00e9 de c\u00e9leri. Les raves sont de taille moyenne et la peau est plut\u00f4t lisse et fonc\u00e9e. Bonne capacit\u00e9 de conservation.<\/p>\n<p>La r\u00e9colte se fait en septembre et octobre.<\/p>\n<p>Vari\u00e9t\u00e9 Pro Specie Rara.<\/p>\n<p>Distance de plantation: 40 cm.<\/p>\n","protected":false},"featured_media":3483,"comment_status":"closed","ping_status":"closed","template":"","meta":{"_acf_changed":false},"product_brand":[],"product_cat":[81,84,79],"product_tag":[],"class_list":{"0":"post-3453","1":"product","2":"type-product","3":"status-publish","4":"has-post-thumbnail","6":"product_cat-bientot-disponible","7":"product_cat-legume-racine","8":"product_cat-plantons","10":"first","11":"outofstock","12":"shipping-taxable","13":"purchasable","14":"product-type-simple"},"acf":[],"_links":{"self":[{"href":"https:\/\/rollierpaysage.ch\/espace-plantons\/wp-json\/wp\/v2\/product\/3453","targetHints":{"allow":["GET"]}}],"collection":[{"href":"https:\/\/rollierpaysage.ch\/espace-plantons\/wp-json\/wp\/v2\/product"}],"about":[{"href":"https:\/\/rollierpaysage.ch\/espace-plantons\/wp-json\/wp\/v2\/types\/product"}],"replies":[{"embeddable":true,"href":"https:\/\/rollierpaysage.ch\/espace-plantons\/wp-json\/wp\/v2\/comments?post=3453"}],"wp:featuredmedia":[{"embeddable":true,"href":"https:\/\/rollierpaysage.ch\/espace-plantons\/wp-json\/wp\/v2\/media\/3483"}],"wp:attachment":[{"href":"https:\/\/rollierpaysage.ch\/espace-plantons\/wp-json\/wp\/v2\/media?parent=3453"}],"wp:term":[{"taxonomy":"product_brand","embeddable":true,"href":"https:\/\/rollierpaysage.ch\/espace-plantons\/wp-json\/wp\/v2\/product_brand?post=3453"},{"taxonomy":"product_cat","embeddable":true,"href":"https:\/\/rollierpaysage.ch\/espace-plantons\/wp-json\/wp\/v2\/product_cat?post=3453"},{"taxonomy":"product_tag","embeddable":true,"href":"https:\/\/rollierpaysage.ch\/espace-plantons\/wp-json\/wp\/v2\/product_tag?post=3453"}],"curies":[{"name":"wp","href":"https:\/\/api.w.org\/{rel}","templated":true}]}}